{"id":75,"date":"2019-01-17T21:02:43","date_gmt":"2019-01-17T20:02:43","guid":{"rendered":"http:\/\/abp-management.progresio-testing.eu\/en\/?page_id=75"},"modified":"2020-02-03T10:19:37","modified_gmt":"2020-02-03T09:19:37","slug":"membership","status":"publish","type":"page","link":"https:\/\/old.abp-management.com\/sk\/membership\/","title":{"rendered":"\u010clenstvo"},"content":{"rendered":"\n<div id=\"member-head\">\n <div>\n  <div>\n   <h1>\n    <b>STA\u0147TE SA<\/b>\n    \u010cLENOM\n   <\/h1>\n  <\/div>\n  <div>\n   <h2>\n    VYU\u017dITE V\u0160ETKY V\u00ddHODY\n    <b>PRE DLHODOB\u00c9 NAPREDOVANIE<\/b>\n    S ABP-MANAGEMENT\n   <\/h2>\n  <\/div>\n <\/div>\n <span id=\"member-headAnd\">A<\/span>\n<\/div>\n\n\n\n<div id=\"member-body\">\n            <div>\n                <h1>\u010clenstvo ABP Management<\/h1>\n                <p>\n                    <b>V\u00fdber partnera pre rozvoj \u013eudsk\u00fdch zdrojov<\/b>\n\t                a procesov je pre v\u00fdrobn\u00e9 i nev\u00fdrobn\u00e9 organiz\u00e1cie strategick\u00e9 rozhodnutie. Ka\u017ed\u00e1 tak\u00e1to spolupr\u00e1ca mus\u00ed by\u0165 postaven\u00e1 na vz\u00e1jomnej d\u00f4vere a vysokej pridanej hodnote prijat\u00fdch slu\u017eieb, aby dlhodobo prin\u00e1\u0161ala \u017eelan\u00e9 zlep\u0161enia.\n                <\/p>\n                <div id=\"member-bodyLine\"><\/div>\n                <p>\n                    <b>ABP Management<\/b>, ako glob\u00e1lny poskytovate\u013e \u0161kolen\u00ed a expertn\u00fdch slu\u017eieb pre automobilov\u00fd priemysel s 600 z\u00e1kazn\u00edkmi v 30 krajin\u00e1ch sveta na 3 kontinentoch, prin\u00e1\u0161a svojim z\u00e1kazn\u00edkom mo\u017enos\u0165 sta\u0165 sa \u010dlenom ABP Management a profitova\u0165 tak dlhodobo zo zv\u00fdhodnen\u00fdch cien \u0161kolen\u00ed.\n                <\/p>\n            <\/div>\n        <\/div>\n\n\n\n<div id=\"member-cols\">\n    <div>\n        <div>\n            <h3><b>DEFIN\u00cdCIA<\/b> \u010cLENSTVA<\/h3>\n            <p>\n                1. \u010clenstvo ABP Management je pon\u00fakan\u00e9 v\u00fdlu\u010dne organiz\u00e1ci\u00e1m (t.j. nie jednotlivcom), p\u00f4sobiacim najm\u00e4 v automobilovom priemysle, s v\u00edziou rozvoja dlhodobej spolupr\u00e1ce a mo\u017enos\u0165ou redukova\u0165 n\u00e1klady na vzdel\u00e1vanie.\n            <\/p>\n            <p>\n                2. Cie\u013eom \u010clenstva je podpora spolupr\u00e1ce z\u00e1kazn\u00edka a ABP Management v\u010faka ni\u017e\u0161ej cene \u0161kolen\u00ed a slu\u017eieb a efekt\u00edvnej\u0161ie pl\u00e1novanie \u0161kolen\u00ed na cel\u00e9 pl\u00e1novacie obdobie (naj\u010dastej\u0161ie dvan\u00e1s\u0165 po sebe id\u00facich mesiacov).\n            <\/p>\n\n\n            <br>\n            <br>\n\n            <h3><b>PODMIENKY<\/b> \u010cLENSTVA<\/h3>\n            <p>\n                1. Vyu\u017eitie \u010dlensk\u00fdch cien sa vz\u0165ahuje na neobmedzen\u00fd po\u010det intern\u00fdch i extern\u00fdch\nzamestnancov organiz\u00e1cie, na v\u0161etky typy \u0161kolen\u00ed (otvoren\u00e9\/uzatvoren\u00e9 \u0161kolenia) a bez\noh\u013eadu na miesto organiz\u00e1cie \u0161kolenia, vr\u00e1tane licencovan\u00fdch \u0161kolen\u00ed.\n            <\/p>\n            <p>\n                2. \u010clensk\u00e9 ceny nie je mo\u017en\u00e9 vyu\u017ei\u0165 na \u0161kolenia a slu\u017eby, ktor\u00e9 boli dohodnut\u00e9 pred zaplaten\u00edm \u010dlensk\u00e9ho poplatku.\n            <\/p>\n            <p>\n                3. Na expertn\u00e9 slu\u017eby (podporn\u00e9 misie, umiestnenie do\u010dasn\u00fdch zdrojov, &#8230;) sa neaplikuj\u00fa \u010dlensk\u00e9 ceny.\n            <\/p>\n            <p>\n                4. Pre aplik\u00e1ciu \u010dlensk\u00fdch cien uvedie Organiz\u00e1cia na Registra\u010dnom formul\u00e1ri \u0161kolenia, \u017ee ide \u017eiada o ich aplik\u00e1ciu.\n            <\/p>\n         \n            <p>\n                Ro\u010dn\u00e1 cena \u010dlenstva pre v\u0161etk\u00fdch z\u00e1kazn\u00edkov pre rok 2020 je vo v\u00fd\u0161ke <b>740 EUR, bez DPH<\/b>.\n            <\/p>\n\n        <\/div><div>\n\n            <h3><b>PRAVIDL\u00c1<\/b> \u010cLENSTVA<\/h3>\n            <p>\n                1. \u010clenstvo sa vz\u0165ahuje na jednu organiz\u00e1ciu (definovan\u00fa jedine\u010dn\u00fdm DUNs Number, I\u010cO, SIRET, &#8230;) a je neprenosn\u00e9.\n            <\/p>\n            <p>\n                2. N\u00e1rok na vyu\u017e\u00edvanie \u201e\u010dlensk\u00fdch cien\u201c pri jednotliv\u00fdch \u0161koleniach, m\u00e1 z\u00e1kazn\u00edk po zaplaten\u00ed \u010dlensk\u00e9ho pr\u00edspevku a plat\u00ed od \u010fal\u0161ieho d\u0148a po jeho prijat\u00ed.\n            <\/p>\n            <p>\n                3. \u010clenstvo m\u00f4\u017ee vznikn\u00fa\u0165 kedyko\u013evek po\u010das kalend\u00e1rneho roka a je platn\u00e9 dvan\u00e1s\u0165 po sebe id\u00facich mesiacov. Organiz\u00e1cia obdr\u017e\u00ed od ABP Management potvrdenie o platnosti \u010dlenstva s inform\u00e1ciou o jeho platnosti.\n            <\/p>\n            <p>\n                4. Tri mesiace pred uplynut\u00edm ro\u010dn\u00e9ho \u010dlenstva dostane organiz\u00e1cia inform\u00e1ciu o mo\u017enosti jeho pred\u013a\u017eenia. Pri pred\u013a\u017een\u00ed \u010dlenstva na \u010fal\u0161\u00ed rok m\u00e1 organiz\u00e1cia automaticky n\u00e1rok na z\u013eavu 20% z aktu\u00e1lneho ro\u010dn\u00e9ho pr\u00edspevku. Organiz\u00e1cia m\u00e1 taktie\u017e mo\u017enos\u0165 vybra\u0165 si \u201eautomatick\u00e9 pred\u013a\u017eenie\u201c \u010dlenstva.\n            <\/p>\n\n            <br>\n            <br>\n\n            <h3><b>ODCHOD<\/b> Z \u010cLENSTVA<\/h3>\n            <p>\n                1. Z\u00e1kazn\u00edk m\u00f4\u017ee kedyko\u013evek v priebehu roka, respekt\u00edve v priebehu trvania ro\u010dn\u00e9ho pau\u0161\u00e1lu, zru\u0161i\u0165 svoje \u010dlenstvo. M\u00f4\u017ee tak urobi\u0165 zaslan\u00edm mailu na adresu <a href=\"mailto:office@abp-management.com\">office@abp-management.com<\/a>.\n            <\/p>\n            <p>\n                2. Odstupuj\u00faci \u010dlen nem\u00e1 n\u00e1rok na n\u00e1vrat \u010dlensk\u00e9ho pr\u00edspevku.\n            <\/p>\n        <\/div>\n    <\/div>\n    \n    <a class=\"bttn bttn-blue\" href=\"\/sk\/contact\">Po\u017eiada\u0165 o \u010dlenstvo<\/a>\n<\/div>\n\n\n\n<p><\/p>\n","protected":false},"excerpt":{"rendered":"<p>STA\u0147TE SA \u010cLENOM VYU\u017dITE V\u0160ETKY V\u00ddHODY PRE DLHODOB\u00c9 NAPREDOVANIE S ABP-MANAGEMENT A \u010clenstvo ABP Management V\u00fdber partnera pre rozvoj \u013eudsk\u00fdch zdrojov a procesov je pre v\u00fdrobn\u00e9 i nev\u00fdrobn\u00e9 organiz\u00e1cie strategick\u00e9 rozhodnutie. Ka\u017ed\u00e1 tak\u00e1to spolupr\u00e1ca mus\u00ed by\u0165 postaven\u00e1 na vz\u00e1jomnej d\u00f4vere a vysokej pridanej hodnote prijat\u00fdch slu\u017eieb, aby dlhodobo prin\u00e1\u0161ala \u017eelan\u00e9 zlep\u0161enia. ABP Management, ako glob\u00e1lny &hellip; <\/p>\n<p class=\"link-more\"><a href=\"https:\/\/old.abp-management.com\/sk\/membership\/\" class=\"more-link\">Pokra\u010dova\u0165 v \u010d\u00edtan\u00ed<span class=\"screen-reader-text\"> &#8220;\u010clenstvo&#8221;<\/span><\/a><\/p>\n","protected":false},"author":1,"featured_media":0,"parent":0,"menu_order":5,"comment_status":"closed","ping_status":"closed","template":"","meta":[],"_links":{"self":[{"href":"https:\/\/old.abp-management.com\/sk\/wp-json\/wp\/v2\/pages\/75"}],"collection":[{"href":"https:\/\/old.abp-management.com\/sk\/wp-json\/wp\/v2\/pages"}],"about":[{"href":"https:\/\/old.abp-management.com\/sk\/wp-json\/wp\/v2\/types\/page"}],"author":[{"embeddable":true,"href":"https:\/\/old.abp-management.com\/sk\/wp-json\/wp\/v2\/users\/1"}],"replies":[{"embeddable":true,"href":"https:\/\/old.abp-management.com\/sk\/wp-json\/wp\/v2\/comments?post=75"}],"version-history":[{"count":23,"href":"https:\/\/old.abp-management.com\/sk\/wp-json\/wp\/v2\/pages\/75\/revisions"}],"predecessor-version":[{"id":901,"href":"https:\/\/old.abp-management.com\/sk\/wp-json\/wp\/v2\/pages\/75\/revisions\/901"}],"wp:attachment":[{"href":"https:\/\/old.abp-management.com\/sk\/wp-json\/wp\/v2\/media?parent=75"}],"curies":[{"name":"wp","href":"https:\/\/api.w.org\/{rel}","templated":true}]}}